{"id":704,"date":"2024-09-02T15:26:31","date_gmt":"2024-09-02T13:26:31","guid":{"rendered":"https:\/\/sws-weiterbildung.sesamnet.net\/?page_id=704"},"modified":"2026-02-05T09:57:26","modified_gmt":"2026-02-05T08:57:26","slug":"sprachschule","status":"publish","type":"page","link":"http:\/\/www.sws-weiterbildung.ch\/de\/sprachschule.html","title":{"rendered":"Sprachschule"},"content":{"rendered":"\r\n  <section  class=\"wide-slider wide-slider-block_25de0bfebf56db690c71d3802e768abd\" >\r\n    <div class=\"wide-slider__slider\">\r\n              <div class=\"wide-slider__item\">\r\n                      <img decoding=\"async\" class=\"d-none d-md-flex\" src=\"https:\/\/www.sws-weiterbildung.ch\/wp-content\/uploads\/2024\/10\/Main-photo-1-scaled.jpg\" alt=\"\" \/>\r\n                      <img decoding=\"async\" class=\"d-md-none\" src=\"https:\/\/www.sws-weiterbildung.ch\/wp-content\/uploads\/2024\/08\/slide2-mob.jpg\" alt=\"Freundlich. Sicher. Kompetent.\" \/>\r\n                    <div class=\"wide-slider__content\">\r\n            <div class=\"container\">\r\n              <div class=\"wide-slider__content-wrap\">\r\n                <div class=\"wide-slider__txt\">\r\n                  <h1 class=\"wide-slider__title\">\r\n                    <span class=\"wide-slider__title-white\"><\/span>\r\n                    <span class=\"wide-slider__title-orange\"><\/span>\r\n                    <span class=\"wide-slider__title-green\"><\/span>\r\n                  <\/h1>\r\n                  <div class=\"wide-slider__text\">Schulen f\u00fcr Wirtschaft und Sprachen<\/div>\r\n                <\/div>\r\n                <div class=\"wide-slider__link\">\r\n                                      <a class=\"wide-slider__btn\" href=\"#contact-form\" target=\"_self\"><span>Gratis Kursunterlagen anfordern<\/span><\/a>\r\n                                  <\/div>\r\n              <\/div>\r\n            <\/div>\r\n          <\/div>\r\n        <\/div>\r\n          <\/div>\r\n    <style>.wide-slider-block_25de0bfebf56db690c71d3802e768abd {background-repeat: no-repeat;padding-top: 0px;padding-bottom: 0px;margin-top: 0px;margin-bottom: 0px;}@media only screen and (max-width: 992px){ .wide-slider-block_25de0bfebf56db690c71d3802e768abd{ background-repeat: no-repeat;padding-top: 0px;padding-bottom: 0px;margin-top: 0px;margin-bottom: 0px; } }<\/style>\r\n  <\/section>\r\n\n\n\n<section  class=\"our-courses our-courses-block_86596e2216f05b47135f364b492e6bc6 our-courses--custom-icon\" >\n  <div class=\"container\">\n    <div class=\"our-courses__wrap\">\n              <div class=\"our-courses__header\">\n          <div class=\"row\">\n            <div class=\"col-lg-6\">\n              <h3 class=\"our-courses__subtitle\">SWS Aus- und Weiterbildung<\/h3>\n              <h2 class=\"our-courses__title\">Unsere Kurse<\/h2>\n            <\/div>\n            <div class=\"col-lg-6\">\n              <div class=\"our-courses__text\"><p>Die SWS bietet in Zusammenarbeit mit der Stadt Winterthur den Grundkenntnistest f\u00fcr die Einb\u00fcrgerung an und bereitet Sie gezielt darauf vor. Unsere Sprachkurse helfen Ihnen nicht nur beim Test, sondern auch im Alltag \u2013 sei es im Beruf, beim Einkaufen oder auf Reisen. So \u00f6ffnen Sie sich neue M\u00f6glichkeiten und kommunizieren sicher und selbstbewusst.<\/p>\n<\/div>\n              <div class=\"our-courses__text-mob\"><p>Die SWS bietet in Zusammenarbeit mit der Stadt Winterthur den Grundkenntnistest f\u00fcr die Einb\u00fcrgerung an und bereitet Sie gezielt darauf vor. Unsere Sprachkurse helfen Ihnen nicht nur beim Test, sondern auch im Alltag \u2013 sei es im Beruf, beim Einkaufen oder auf Reisen. So \u00f6ffnen Sie sich neue M\u00f6glichkeiten und kommunizieren sicher und selbstbewusst.<\/p>\n<\/div>\n            <\/div>\n          <\/div>\n        <\/div>\n                    <div class=\"our-courses__gray-box\">Sprachschule:<\/div>\n                    <div class=\"row row-equal-height\">\n                      <div class=\"col-lg-4 col-md-6\">\n                                <a href=\"https:\/\/www.sws-weiterbildung.ch\/staatskundetest-grundkenntnistest.html\" target=\"\" class=\"our-courses-card\">\n                <div class=\"our-courses-card__img\">\n                                      <img decoding=\"async\" src=\"https:\/\/www.sws-weiterbildung.ch\/wp-content\/uploads\/2024\/09\/Sprachschule1.jpg\" alt=\"\" \/>\n                                          <div class=\"our-courses-card__icons our-courses-card__icons--top-10\" style=\"background-image: url(https:\/\/www.sws-weiterbildung.ch\/wp-content\/uploads\/2024\/09\/Section-33979-1.png);\"><\/div>\n                                                      <\/div>\n                <div class=\"our-courses-card__content\">\n                                    <h3 class=\"our-courses-card__title\">Einb\u00fcrgerung \/ Grundkenntnistest<\/h3>\n                                                    <\/div>\n              <\/a>\n            <\/div>\n                      <div class=\"col-lg-4 col-md-6\">\n                                <a href=\"https:\/\/www.sws-weiterbildung.ch\/de\/deutschkurse.html\" target=\"\" class=\"our-courses-card\">\n                <div class=\"our-courses-card__img\">\n                                      <img decoding=\"async\" src=\"https:\/\/www.sws-weiterbildung.ch\/wp-content\/uploads\/2024\/09\/Sprachschule2.jpg\" alt=\"\" \/>\n                                          <div class=\"our-courses-card__icons our-courses-card__icons--top-10\" style=\"background-image: url(https:\/\/www.sws-weiterbildung.ch\/wp-content\/uploads\/2024\/09\/Section-33948-1.png);\"><\/div>\n                                                      <\/div>\n                <div class=\"our-courses-card__content\">\n                                    <h3 class=\"our-courses-card__title\">Deutschkurse<\/h3>\n                                                    <\/div>\n              <\/a>\n            <\/div>\n                      <div class=\"col-lg-4 col-md-6\">\n                                <a href=\"https:\/\/www.sws-weiterbildung.ch\/de\/englischkurse.html\" target=\"\" class=\"our-courses-card\">\n                <div class=\"our-courses-card__img\">\n                                      <img decoding=\"async\" src=\"https:\/\/www.sws-weiterbildung.ch\/wp-content\/uploads\/2024\/09\/Sprachschule3.jpg\" alt=\"\" \/>\n                                          <div class=\"our-courses-card__icons our-courses-card__icons--top10\" style=\"background-image: url(https:\/\/www.sws-weiterbildung.ch\/wp-content\/uploads\/2024\/09\/Frame-1000002875.png);\"><\/div>\n                                                      <\/div>\n                <div class=\"our-courses-card__content\">\n                                    <h3 class=\"our-courses-card__title\">Englischkurse<\/h3>\n                                                    <\/div>\n              <\/a>\n            <\/div>\n                      <div class=\"col-lg-4 col-md-6\">\n                                <a href=\"https:\/\/www.sws-weiterbildung.ch\/de\/franzoesischkurse.html\" target=\"\" class=\"our-courses-card\">\n                <div class=\"our-courses-card__img\">\n                                      <img decoding=\"async\" src=\"https:\/\/www.sws-weiterbildung.ch\/wp-content\/uploads\/2024\/09\/Sprachschule4.jpg\" alt=\"\" \/>\n                                          <div class=\"our-courses-card__icons our-courses-card__icons--top10\" style=\"background-image: url(https:\/\/www.sws-weiterbildung.ch\/wp-content\/uploads\/2024\/09\/Frame-1000002875-1.png);\"><\/div>\n                                                      <\/div>\n                <div class=\"our-courses-card__content\">\n                                    <h3 class=\"our-courses-card__title\">Franz\u00f6sischkurse<\/h3>\n                                                    <\/div>\n              <\/a>\n            <\/div>\n                      <div class=\"col-lg-4 col-md-6\">\n                                <a href=\"https:\/\/www.sws-weiterbildung.ch\/de\/italienischkurse.html\" target=\"\" class=\"our-courses-card\">\n                <div class=\"our-courses-card__img\">\n                                      <img decoding=\"async\" src=\"https:\/\/www.sws-weiterbildung.ch\/wp-content\/uploads\/2024\/09\/Sprachschule5.jpg\" alt=\"\" \/>\n                                          <div class=\"our-courses-card__icons our-courses-card__icons--top-10\" style=\"background-image: url(https:\/\/www.sws-weiterbildung.ch\/wp-content\/uploads\/2024\/09\/Frame-1000002875-2.png);\"><\/div>\n                                                      <\/div>\n                <div class=\"our-courses-card__content\">\n                                    <h3 class=\"our-courses-card__title\">Italienischkurse<\/h3>\n                                                    <\/div>\n              <\/a>\n            <\/div>\n                  <\/div>\n                <\/div>\n  <\/div>\n  <style>.our-courses-block_86596e2216f05b47135f364b492e6bc6 {background-repeat: no-repeat;padding-top: 120px;padding-bottom: 60px;margin-top: 0px;margin-bottom: 0px;}@media only screen and (max-width: 992px){ .our-courses-block_86596e2216f05b47135f364b492e6bc6{ background-repeat: no-repeat;padding-top: 60px;padding-bottom: 40px;margin-top: 0px;margin-bottom: 0px; } }<\/style>\n<\/section>\n\n\n<section  class=\"our-partners our-partners-block_fd2fd4fc0246d78e8cfc82ff801981d6\" >\n  <div class=\"container\">\n    <div class=\"our-partners__wrap\">\n      <h2 class=\"our-partners__title\">Unsere Partner \/ Firmenkunden<\/h2>\n              <div class=\"row row-equal-height our-partners-slider\">\n                      <div class=\"col-lg-3\">\n              <div class=\"our-partners-card\">\n                <div class=\"our-partners-card__img\">\n                                      <img decoding=\"async\" src=\"https:\/\/www.sws-weiterbildung.ch\/wp-content\/uploads\/2024\/06\/partners1.png\" alt=\"\" \/>\n                                  <\/div>\n              <\/div>\n            <\/div>\n                      <div class=\"col-lg-3\">\n              <div class=\"our-partners-card\">\n                <div class=\"our-partners-card__img\">\n                                      <img decoding=\"async\" src=\"https:\/\/www.sws-weiterbildung.ch\/wp-content\/uploads\/2024\/06\/partners2.png\" alt=\"\" \/>\n                                  <\/div>\n              <\/div>\n            <\/div>\n                      <div class=\"col-lg-3\">\n              <div class=\"our-partners-card\">\n                <div class=\"our-partners-card__img\">\n                                      <img decoding=\"async\" src=\"https:\/\/www.sws-weiterbildung.ch\/wp-content\/uploads\/2024\/06\/partners3.png\" alt=\"\" \/>\n                                  <\/div>\n              <\/div>\n            <\/div>\n                      <div class=\"col-lg-3\">\n              <div class=\"our-partners-card\">\n                <div class=\"our-partners-card__img\">\n                                      <img decoding=\"async\" src=\"https:\/\/www.sws-weiterbildung.ch\/wp-content\/uploads\/2024\/06\/partners4.png\" alt=\"\" \/>\n                                  <\/div>\n              <\/div>\n            <\/div>\n                  <\/div>\n          <\/div>\n  <\/div>\n  <style>.our-partners-block_fd2fd4fc0246d78e8cfc82ff801981d6 {background-repeat: no-repeat;padding-top: 75px;padding-bottom: 32px;margin-top: 0px;margin-bottom: 0px;}@media only screen and (max-width: 992px){ .our-partners-block_fd2fd4fc0246d78e8cfc82ff801981d6{ background-repeat: no-repeat;padding-top: 48px;padding-bottom: 20px;margin-top: 0px;margin-bottom: 0px; } }<\/style>\n<\/section>\n\n\n<section id=contact-form class=\"contact-form contact-form-block_084ac489823130bd09693c39e4a6c1bb\" >\n  <div class=\"container\">\n    <div class=\"contact-form__wrap\">\n      <div class=\"row align-items-center\">\n                  <div class=\"col-lg-4 align-self-end order-2 order-lg-1\">\n            <img decoding=\"async\" class=\"contact-form__img\" src=\"https:\/\/www.sws-weiterbildung.ch\/wp-content\/uploads\/2024\/08\/Neugierig.png\" alt=\"Neugierig?\" \/>\n          <\/div>\n                <div class=\"col-lg-8 order-1 order-lg-2\">\n          \n<div class=\"wpcf7 no-js\" id=\"wpcf7-f119-o1\" lang=\"de-CH\" dir=\"ltr\" data-wpcf7-id=\"119\">\n<div class=\"screen-reader-response\"><p role=\"status\" aria-live=\"polite\" aria-atomic=\"true\"><\/p> <ul><\/ul><\/div>\n<form action=\"\/de\/wp-json\/wp\/v2\/pages\/704#wpcf7-f119-o1\" method=\"post\" class=\"wpcf7-form init\" aria-label=\"Contact form\" novalidate=\"novalidate\" data-status=\"init\">\n<fieldset class=\"hidden-fields-container\"><input type=\"hidden\" name=\"_wpcf7\" value=\"119\" \/><input type=\"hidden\" name=\"_wpcf7_version\" value=\"6.1.4\" \/><input type=\"hidden\" name=\"_wpcf7_locale\" value=\"de_CH_informal\" \/><input type=\"hidden\" name=\"_wpcf7_unit_tag\" value=\"wpcf7-f119-o1\" \/><input type=\"hidden\" name=\"_wpcf7_container_post\" value=\"0\" \/><input type=\"hidden\" name=\"_wpcf7_posted_data_hash\" value=\"\" \/><input type=\"hidden\" name=\"_wpcf7_recaptcha_response\" value=\"\" \/>\n<\/fieldset>\n<p><script>\ndocument.addEventListener( 'wpcf7mailsent', function( event ) {\n setTimeout( () => {\n location = 'https:\/\/www.sws-weiterbildung.ch\/de\/kurse\/kursanmeldung\/kursmaterialbestellung\/danke.html';\n }, 1000 ); \/\/ Wait for 1 second to redirect.\n}, false );\n<\/script>\n<\/p>\n<h2>Neugierig?\n<\/h2>\n<p>An Werktagen wird Ihre Anfrage innerhalb von wenigen Stunden bearbeitet.\n<\/p>\n<div class=\"row\">\n\t<div class=\"col-lg-6\">\n\t\t<p><label>Was ist Ihr Anliegen?<br \/>\n<span class=\"wpcf7-form-control-wrap\" data-name=\"your-anliegen\"><select class=\"wpcf7-form-control wpcf7-select wpcf7-validates-as-required\" aria-required=\"true\" aria-invalid=\"false\" name=\"your-anliegen\"><option value=\"Gratis Kursunterlagen bestellen\">Gratis Kursunterlagen bestellen<\/option><option value=\"Gratis Beratungsgespr\u00e4ch vereinbaren\">Gratis Beratungsgespr\u00e4ch vereinbaren<\/option><\/select><\/span><br \/>\n<\/label>\n\t\t<\/p>\n\t<\/div>\n\t<div class=\"col-lg-6\">\n\t\t<p><label> Vorname und Name:*<br \/>\n<span class=\"wpcf7-form-control-wrap\" data-name=\"your-name\"><input size=\"40\" maxlength=\"400\" class=\"wpcf7-form-control wpcf7-text wpcf7-validates-as-required\" autocomplete=\"name\" aria-required=\"true\" aria-invalid=\"false\" value=\"\" type=\"text\" name=\"your-name\" \/><\/span> <\/label>\n\t\t<\/p>\n\t<\/div>\n\t<div class=\"col-lg-6\">\n\t\t<p><label>Telefon:*<br \/>\n<span class=\"wpcf7-form-control-wrap\" data-name=\"your-tel\"><input size=\"40\" maxlength=\"400\" class=\"wpcf7-form-control wpcf7-tel wpcf7-validates-as-required wpcf7-text wpcf7-validates-as-tel\" aria-required=\"true\" aria-invalid=\"false\" value=\"\" type=\"tel\" name=\"your-tel\" \/><\/span><span>Zur \u00dcberpr\u00fcfung der Echtheit der Anfrage<\/span><br \/>\n<\/label>\n\t\t<\/p>\n\t<\/div>\n\t<div class=\"col-lg-6\">\n\t\t<p><label> E-Mail*<br \/>\n<span class=\"wpcf7-form-control-wrap\" data-name=\"your-email\"><input size=\"40\" maxlength=\"400\" class=\"wpcf7-form-control wpcf7-email wpcf7-validates-as-required wpcf7-text wpcf7-validates-as-email\" autocomplete=\"email\" aria-required=\"true\" aria-invalid=\"false\" value=\"\" type=\"email\" name=\"your-email\" \/><\/span><span>Unterlagen senden wir Ihnen per E-Mail<\/span><br \/>\n<\/label>\n\t\t<\/p>\n\t<\/div>\n<\/div>\n<p><input class=\"wpcf7-form-control wpcf7-submit has-spinner\" type=\"submit\" value=\"Absenden\" \/>\n<\/p><div class=\"wpcf7-response-output\" aria-hidden=\"true\"><\/div>\n<\/form>\n<\/div>\n        <\/div>\n      <\/div>\n    <\/div>\n  <\/div>\n  <style>.contact-form-block_084ac489823130bd09693c39e4a6c1bb {background-repeat: no-repeat;padding-top: 32px;padding-bottom: 140px;margin-top: 0px;margin-bottom: 0px;}@media only screen and (max-width: 992px){ .contact-form-block_084ac489823130bd09693c39e4a6c1bb{ background-repeat: no-repeat;padding-top: 20px;padding-bottom: 96px;margin-top: 0px;margin-bottom: 0px; } }<\/style>\n<\/section>","protected":false},"excerpt":{"rendered":"","protected":false},"author":1,"featured_media":0,"parent":0,"menu_order":0,"comment_status":"closed","ping_status":"closed","template":"","meta":{"_acf_changed":false,"inline_featured_image":false,"footnotes":""},"class_list":["post-704","page","type-page","status-publish","hentry"],"acf":[],"yoast_head":"<!-- This site is optimized with the Yoast SEO plugin v25.2 - https:\/\/yoast.com\/wordpress\/plugins\/seo\/ -->\n<title>Sprachen lernen (Sprachkurse) Winterthur (Kt. Z\u00fcrich) und Luzern<\/title>\n<meta name=\"description\" content=\"Sprachen lernen (Sprachkurse) in Winterthur (Kt. Z\u00fcrich) und Luzern an den SWS Schulen f\u00fcr Wirtschaft und Sprachen - Jetzt kostenlos Unterlagen nach Hause bestellen\" \/>\n<meta name=\"robots\" content=\"index, follow, max-snippet:-1, max-image-preview:large, max-video-preview:-1\" \/>\n<link rel=\"canonical\" href=\"https:\/\/www.sws-weiterbildung.ch\/de\/sprachschule.html\" \/>\n<meta property=\"og:locale\" content=\"de_DE\" \/>\n<meta property=\"og:type\" content=\"article\" \/>\n<meta property=\"og:title\" content=\"Sprachen lernen (Sprachkurse) Winterthur (Kt. Z\u00fcrich) und Luzern\" \/>\n<meta property=\"og:description\" content=\"Sprachen lernen (Sprachkurse) in Winterthur (Kt. Z\u00fcrich) und Luzern an den SWS Schulen f\u00fcr Wirtschaft und Sprachen - Jetzt kostenlos Unterlagen nach Hause bestellen\" \/>\n<meta property=\"og:url\" content=\"https:\/\/www.sws-weiterbildung.ch\/de\/sprachschule.html\" \/>\n<meta property=\"og:site_name\" content=\"SWS Schulen f\u00fcr Wirtschaft &amp; Sprachen\" \/>\n<meta property=\"article:modified_time\" content=\"2026-02-05T08:57:26+00:00\" \/>\n<meta name=\"twitter:card\" content=\"summary_large_image\" \/>\n<script type=\"application\/ld+json\" class=\"yoast-schema-graph\">{\"@context\":\"https:\/\/schema.org\",\"@graph\":[{\"@type\":\"WebPage\",\"@id\":\"https:\/\/www.sws-weiterbildung.ch\/de\/sprachschule.html\",\"url\":\"https:\/\/www.sws-weiterbildung.ch\/de\/sprachschule.html\",\"name\":\"Sprachen lernen (Sprachkurse) Winterthur (Kt. Z\u00fcrich) und Luzern\",\"isPartOf\":{\"@id\":\"https:\/\/www.sws-weiterbildung.ch\/de\/#website\"},\"datePublished\":\"2024-09-02T13:26:31+00:00\",\"dateModified\":\"2026-02-05T08:57:26+00:00\",\"description\":\"Sprachen lernen (Sprachkurse) in Winterthur (Kt. Z\u00fcrich) und Luzern an den SWS Schulen f\u00fcr Wirtschaft und Sprachen - Jetzt kostenlos Unterlagen nach Hause bestellen\",\"breadcrumb\":{\"@id\":\"https:\/\/www.sws-weiterbildung.ch\/de\/sprachschule.html#breadcrumb\"},\"inLanguage\":\"de-CH\",\"potentialAction\":[{\"@type\":\"ReadAction\",\"target\":[\"https:\/\/www.sws-weiterbildung.ch\/de\/sprachschule.html\"]}]},{\"@type\":\"BreadcrumbList\",\"@id\":\"https:\/\/www.sws-weiterbildung.ch\/de\/sprachschule.html#breadcrumb\",\"itemListElement\":[{\"@type\":\"ListItem\",\"position\":1,\"name\":\"Startseite\",\"item\":\"https:\/\/www.sws-weiterbildung.ch\/\"},{\"@type\":\"ListItem\",\"position\":2,\"name\":\"Sprachschule\"}]},{\"@type\":\"WebSite\",\"@id\":\"https:\/\/www.sws-weiterbildung.ch\/de\/#website\",\"url\":\"https:\/\/www.sws-weiterbildung.ch\/de\/\",\"name\":\"SWS Schulen f\u00fcr Wirtschaft &amp; Sprachen\",\"description\":\"\",\"potentialAction\":[{\"@type\":\"SearchAction\",\"target\":{\"@type\":\"EntryPoint\",\"urlTemplate\":\"https:\/\/www.sws-weiterbildung.ch\/de\/?s={search_term_string}\"},\"query-input\":{\"@type\":\"PropertyValueSpecification\",\"valueRequired\":true,\"valueName\":\"search_term_string\"}}],\"inLanguage\":\"de-CH\"}]}<\/script>\n<!-- \/ Yoast SEO plugin. -->","yoast_head_json":{"title":"Sprachen lernen (Sprachkurse) Winterthur (Kt. Z\u00fcrich) und Luzern","description":"Sprachen lernen (Sprachkurse) in Winterthur (Kt. Z\u00fcrich) und Luzern an den SWS Schulen f\u00fcr Wirtschaft und Sprachen - Jetzt kostenlos Unterlagen nach Hause bestellen","robots":{"index":"index","follow":"follow","max-snippet":"max-snippet:-1","max-image-preview":"max-image-preview:large","max-video-preview":"max-video-preview:-1"},"canonical":"https:\/\/www.sws-weiterbildung.ch\/de\/sprachschule.html","og_locale":"de_DE","og_type":"article","og_title":"Sprachen lernen (Sprachkurse) Winterthur (Kt. Z\u00fcrich) und Luzern","og_description":"Sprachen lernen (Sprachkurse) in Winterthur (Kt. Z\u00fcrich) und Luzern an den SWS Schulen f\u00fcr Wirtschaft und Sprachen - Jetzt kostenlos Unterlagen nach Hause bestellen","og_url":"https:\/\/www.sws-weiterbildung.ch\/de\/sprachschule.html","og_site_name":"SWS Schulen f\u00fcr Wirtschaft &amp; Sprachen","article_modified_time":"2026-02-05T08:57:26+00:00","twitter_card":"summary_large_image","schema":{"@context":"https:\/\/schema.org","@graph":[{"@type":"WebPage","@id":"https:\/\/www.sws-weiterbildung.ch\/de\/sprachschule.html","url":"https:\/\/www.sws-weiterbildung.ch\/de\/sprachschule.html","name":"Sprachen lernen (Sprachkurse) Winterthur (Kt. Z\u00fcrich) und Luzern","isPartOf":{"@id":"https:\/\/www.sws-weiterbildung.ch\/de\/#website"},"datePublished":"2024-09-02T13:26:31+00:00","dateModified":"2026-02-05T08:57:26+00:00","description":"Sprachen lernen (Sprachkurse) in Winterthur (Kt. Z\u00fcrich) und Luzern an den SWS Schulen f\u00fcr Wirtschaft und Sprachen - Jetzt kostenlos Unterlagen nach Hause bestellen","breadcrumb":{"@id":"https:\/\/www.sws-weiterbildung.ch\/de\/sprachschule.html#breadcrumb"},"inLanguage":"de-CH","potentialAction":[{"@type":"ReadAction","target":["https:\/\/www.sws-weiterbildung.ch\/de\/sprachschule.html"]}]},{"@type":"BreadcrumbList","@id":"https:\/\/www.sws-weiterbildung.ch\/de\/sprachschule.html#breadcrumb","itemListElement":[{"@type":"ListItem","position":1,"name":"Startseite","item":"https:\/\/www.sws-weiterbildung.ch\/"},{"@type":"ListItem","position":2,"name":"Sprachschule"}]},{"@type":"WebSite","@id":"https:\/\/www.sws-weiterbildung.ch\/de\/#website","url":"https:\/\/www.sws-weiterbildung.ch\/de\/","name":"SWS Schulen f\u00fcr Wirtschaft &amp; Sprachen","description":"","potentialAction":[{"@type":"SearchAction","target":{"@type":"EntryPoint","urlTemplate":"https:\/\/www.sws-weiterbildung.ch\/de\/?s={search_term_string}"},"query-input":{"@type":"PropertyValueSpecification","valueRequired":true,"valueName":"search_term_string"}}],"inLanguage":"de-CH"}]}},"_links":{"self":[{"href":"http:\/\/www.sws-weiterbildung.ch\/de\/wp-json\/wp\/v2\/pages\/704","targetHints":{"allow":["GET"]}}],"collection":[{"href":"http:\/\/www.sws-weiterbildung.ch\/de\/wp-json\/wp\/v2\/pages"}],"about":[{"href":"http:\/\/www.sws-weiterbildung.ch\/de\/wp-json\/wp\/v2\/types\/page"}],"author":[{"embeddable":true,"href":"http:\/\/www.sws-weiterbildung.ch\/de\/wp-json\/wp\/v2\/users\/1"}],"replies":[{"embeddable":true,"href":"http:\/\/www.sws-weiterbildung.ch\/de\/wp-json\/wp\/v2\/comments?post=704"}],"version-history":[{"count":24,"href":"http:\/\/www.sws-weiterbildung.ch\/de\/wp-json\/wp\/v2\/pages\/704\/revisions"}],"predecessor-version":[{"id":3782,"href":"http:\/\/www.sws-weiterbildung.ch\/de\/wp-json\/wp\/v2\/pages\/704\/revisions\/3782"}],"wp:attachment":[{"href":"http:\/\/www.sws-weiterbildung.ch\/de\/wp-json\/wp\/v2\/media?parent=704"}],"curies":[{"name":"wp","href":"https:\/\/api.w.org\/{rel}","templated":true}]}}