{"id":943,"date":"2024-09-05T14:38:34","date_gmt":"2024-09-05T12:38:34","guid":{"rendered":"https:\/\/sws-weiterbildung.sesamnet.net\/?page_id=943"},"modified":"2024-11-18T08:13:25","modified_gmt":"2024-11-18T07:13:25","slug":"siz","status":"publish","type":"page","link":"https:\/\/www.sws-weiterbildung.ch\/de\/kaderschule\/siz.html","title":{"rendered":"SIZ"},"content":{"rendered":"\r\n  <section  class=\"wide-slider wide-slider-block_98dd5e8338167f772452c2d5488fa5e2\" >\r\n    <div class=\"wide-slider__slider\">\r\n              <div class=\"wide-slider__item\">\r\n                      <img decoding=\"async\" class=\"d-none d-md-flex\" src=\"https:\/\/www.sws-weiterbildung.ch\/wp-content\/uploads\/2024\/10\/Main-photo-1-scaled.jpg\" alt=\"\" \/>\r\n                      <img decoding=\"async\" class=\"d-md-none\" src=\"https:\/\/www.sws-weiterbildung.ch\/wp-content\/uploads\/2024\/08\/slide2-mob.jpg\" alt=\"Freundlich. Sicher. Kompetent.\" \/>\r\n                    <div class=\"wide-slider__content\">\r\n            <div class=\"container\">\r\n              <div class=\"wide-slider__content-wrap\">\r\n                <div class=\"wide-slider__txt\">\r\n                  <h1 class=\"wide-slider__title\">\r\n                    <span class=\"wide-slider__title-white\"><\/span>\r\n                    <span class=\"wide-slider__title-orange\"><\/span>\r\n                    <span class=\"wide-slider__title-green\"><\/span>\r\n                  <\/h1>\r\n                  <div class=\"wide-slider__text\">Schulen f\u00fcr Wirtschaft und Sprachen<\/div>\r\n                <\/div>\r\n                <div class=\"wide-slider__link\">\r\n                                      <a class=\"wide-slider__btn\" href=\"#contact-form\" target=\"_self\"><span>Gratis Kursunterlagen anfordern<\/span><\/a>\r\n                                  <\/div>\r\n              <\/div>\r\n            <\/div>\r\n          <\/div>\r\n        <\/div>\r\n              <div class=\"wide-slider__item\">\r\n                      <img decoding=\"async\" class=\"d-none d-md-flex\" src=\"https:\/\/www.sws-weiterbildung.ch\/wp-content\/uploads\/2024\/08\/slide3.jpg\" alt=\"Freundlich. Sicher. Kompetent.\" \/>\r\n                      <img decoding=\"async\" class=\"d-md-none\" src=\"https:\/\/www.sws-weiterbildung.ch\/wp-content\/uploads\/2024\/08\/slide3-mob.jpg\" alt=\"Freundlich. Sicher. Kompetent.\" \/>\r\n                    <div class=\"wide-slider__content\">\r\n            <div class=\"container\">\r\n              <div class=\"wide-slider__content-wrap\">\r\n                <div class=\"wide-slider__txt\">\r\n                  <h1 class=\"wide-slider__title\">\r\n                    <span class=\"wide-slider__title-white\"><\/span>\r\n                    <span class=\"wide-slider__title-orange\"><\/span>\r\n                    <span class=\"wide-slider__title-green\"><\/span>\r\n                  <\/h1>\r\n                  <div class=\"wide-slider__text\">Schulen f\u00fcr Wirtschaft und Sprachen<\/div>\r\n                <\/div>\r\n                <div class=\"wide-slider__link\">\r\n                                      <a class=\"wide-slider__btn\" href=\"#contact-form\" target=\"_self\"><span>Gratis Kursunterlagen anfordern<\/span><\/a>\r\n                                  <\/div>\r\n              <\/div>\r\n            <\/div>\r\n          <\/div>\r\n        <\/div>\r\n              <div class=\"wide-slider__item\">\r\n                      <img decoding=\"async\" class=\"d-none d-md-flex\" src=\"https:\/\/www.sws-weiterbildung.ch\/wp-content\/uploads\/2024\/08\/slide4.jpg\" alt=\"Freundlich. Sicher. Kompetent.\" \/>\r\n                      <img decoding=\"async\" class=\"d-md-none\" src=\"https:\/\/www.sws-weiterbildung.ch\/wp-content\/uploads\/2024\/08\/slide4-mob.jpg\" alt=\"Freundlich. Sicher. Kompetent.\" \/>\r\n                    <div class=\"wide-slider__content\">\r\n            <div class=\"container\">\r\n              <div class=\"wide-slider__content-wrap\">\r\n                <div class=\"wide-slider__txt\">\r\n                  <h1 class=\"wide-slider__title\">\r\n                    <span class=\"wide-slider__title-white\"><\/span>\r\n                    <span class=\"wide-slider__title-orange\"><\/span>\r\n                    <span class=\"wide-slider__title-green\"><\/span>\r\n                  <\/h1>\r\n                  <div class=\"wide-slider__text\">Schulen f\u00fcr Wirtschaft und Sprachen<\/div>\r\n                <\/div>\r\n                <div class=\"wide-slider__link\">\r\n                                      <a class=\"wide-slider__btn\" href=\"#contact-form\" target=\"_self\"><span>Gratis Kursunterlagen anfordern<\/span><\/a>\r\n                                  <\/div>\r\n              <\/div>\r\n            <\/div>\r\n          <\/div>\r\n        <\/div>\r\n          <\/div>\r\n    <style>.wide-slider-block_98dd5e8338167f772452c2d5488fa5e2 {background-repeat: no-repeat;padding-top: 0px;padding-bottom: 0px;margin-top: 0px;margin-bottom: 0px;}@media only screen and (max-width: 992px){ .wide-slider-block_98dd5e8338167f772452c2d5488fa5e2{ background-repeat: no-repeat;padding-top: 0px;padding-bottom: 0px;margin-top: 0px;margin-bottom: 0px; } }<\/style>\r\n  <\/section>\r\n\n\n\n<section  class=\"video-block video-block-block_2d441e6dfad4d8c6596227f7d22d717d\" >\n  <div class=\"container\">\n    <div class=\"breadcrumbs\"><a href=\"https:\/\/www.sws-weiterbildung.ch\">Home<\/a> >         <a  href=\"https:\/\/www.sws-weiterbildung.ch\/kaderschule\/\" target=\"_self\">Kaderschule<\/a> > <\/div>        <div class=\"video-block__wrap\">\n                          <\/div>\n  <\/div>\n  <style>.video-block-block_2d441e6dfad4d8c6596227f7d22d717d {background-repeat: no-repeat;padding-top: 80px;padding-bottom: 0px;margin-top: 0px;margin-bottom: 0px;}@media only screen and (max-width: 992px){ .video-block-block_2d441e6dfad4d8c6596227f7d22d717d{ background-repeat: no-repeat;padding-top: 48px;padding-bottom: 0px;margin-top: 0px;margin-bottom: 0px; } }<\/style>\n<\/section>\n\n\n<section  class=\"course-header course-header-block_f694f89e4c2824894aab41bd0993ec44\" >\n  <div class=\"container\">\n    <div class=\"course-header__wrap\">\n      <div class=\"course-header__header\">\n        <div class=\"row\">\n          <div class=\"col-lg-6\">\n                        <h2 class=\"course-header__title\">Offizieller Schweizer Anbieter f\u00fcr SIZ Informatik-Aus- und Weiterbildung<\/h2>\n          <\/div>\n          <div class=\"col-lg-6\">\n            <div class=\"course-header__text\"><p>Sind Sie auf der Suche nach einem erfahrenen Ausbildungspartner im Bereich SIZ-Informatikkurse und m\u00f6chten ein SIZ-Diplom erwerben? Unser aufgestelltes Team empf\u00e4ngt Sie mit offenen Armen und unternimmt alles, damit Sie sich an unserer Schule wie zu Hause f\u00fchlen. Ob mit bew\u00e4h&#8230;<\/p>\n<\/div>\n            <div class=\"course-header__text-mob\"><\/div>\n                          <div class=\"course-header__read-more\" style=\"display: none\"><p>Sind Sie auf der Suche nach einem erfahrenen Ausbildungspartner im Bereich SIZ-Informatikkurse und m\u00f6chten ein SIZ-Diplom erwerben? Unser aufgestelltes Team empf\u00e4ngt Sie mit offenen Armen und unternimmt alles, damit Sie sich an unserer Schule wie zu Hause f\u00fchlen. Ob mit bew\u00e4hrtem Pr\u00e4senzunterricht oder neu auch mit digitalem Fernunterricht, an der SWS ist der Lernerfolg garantiert.<\/p>\n<\/div>\n              <button class=\"course-header__link-more\">Mehr erfahren<\/button>\n              <button class=\"course-header__link-less\" style=\"display: none\">Weniger<\/button>  \n                      <\/div>\n        <\/div>\n      <\/div>\n    <\/div>\n      <\/div>\n  <style>.course-header-block_f694f89e4c2824894aab41bd0993ec44 {background-repeat: no-repeat;padding-top: 0px;padding-bottom: 32px;margin-top: 0px;margin-bottom: 0px;}@media only screen and (max-width: 992px){ .course-header-block_f694f89e4c2824894aab41bd0993ec44{ background-repeat: no-repeat;padding-top: 0px;padding-bottom: 16px;margin-top: 0px;margin-bottom: 0px; } }<\/style>\n<\/section>\n\n\n<section  class=\"our-courses our-courses-block_f962748b8bf44283ed2416c29251b510 our-courses--custom-icon\" >\n  <div class=\"container\">\n    <div class=\"our-courses__wrap\">\n                          <div class=\"row row-equal-height\">\n                      <div class=\"col-lg-4 col-md-6\">\n                                <a href=\"https:\/\/www.sws-weiterbildung.ch\/de\/ict-supporter.html\" target=\"\" class=\"our-courses-card\">\n                <div class=\"our-courses-card__img\">\n                                      <img decoding=\"async\" src=\"https:\/\/www.sws-weiterbildung.ch\/wp-content\/uploads\/2024\/08\/power-user.jpg\" alt=\"Power User\" \/>\n                                          <div class=\"our-courses-card__icons our-courses-card__icons--Top10left-23\" style=\"background-image: url(https:\/\/www.sws-weiterbildung.ch\/wp-content\/uploads\/2024\/09\/Gro65.png);\"><\/div>\n                                                      <\/div>\n                <div class=\"our-courses-card__content\">\n                                    <h3 class=\"our-courses-card__title\">Power-User SIZ, Professional SIZ (System &amp; Network)<\/h3>\n                                                        <div class=\"our-courses-card__text\"><ul>\n<li>Ihr Einstieg in die IT mit erweiterten Kompetenzen<\/li>\n<li>F\u00fcr Umschulung &amp; Quereinsteiger geeignet<\/li>\n<li>Mit Fokus auf PC, Netzwerk, Anwendungen &amp; Web<\/li>\n<\/ul>\n<\/div>\n                                  <\/div>\n              <\/a>\n            <\/div>\n                      <div class=\"col-lg-4 col-md-6\">\n                                <a href=\"https:\/\/www.sws-weiterbildung.ch\/de\/ict-plattformentwickler.html\" target=\"\" class=\"our-courses-card\">\n                <div class=\"our-courses-card__img\">\n                                      <img decoding=\"async\" src=\"https:\/\/www.sws-weiterbildung.ch\/wp-content\/uploads\/2024\/08\/ICT-System-und-Netzwerktechniker.jpg\" alt=\"ICT System und Netzwerktechniker\" \/>\n                                          <div class=\"our-courses-card__icons our-courses-card__icons--top-10\" style=\"background-image: url(https:\/\/www.sws-weiterbildung.ch\/wp-content\/uploads\/2024\/09\/G.png);\"><\/div>\n                                                      <\/div>\n                <div class=\"our-courses-card__content\">\n                                    <h3 class=\"our-courses-card__title\">ICT Plattformentwickler\/-in mit eidg. Fachausweis<\/h3>\n                                                        <div class=\"our-courses-card__text\"><ul>\n<li>F\u00fcr Personen, die bereits Erfahrung in der IT mitbringen<\/li>\n<li>Sie m\u00f6chten sich fachspezifisch weiterentwickeln<\/li>\n<li>Sie m\u00f6chten Ihren Verantwortungsbereich ausweiten<\/li>\n<\/ul>\n<\/div>\n                                  <\/div>\n              <\/a>\n            <\/div>\n                      <div class=\"col-lg-4 col-md-6\">\n                                <a href=\"https:\/\/www.sws-weiterbildung.ch\/de\/ict-smart-user.html\" target=\"\" class=\"our-courses-card\">\n                <div class=\"our-courses-card__img\">\n                                      <img decoding=\"async\" src=\"https:\/\/www.sws-weiterbildung.ch\/wp-content\/uploads\/2024\/08\/ICT-Smart-User.jpg\" alt=\"ICT Smart User\" \/>\n                                          <div class=\"our-courses-card__icons our-courses-card__icons--top-10\" style=\"background-image: url(https:\/\/www.sws-weiterbildung.ch\/wp-content\/uploads\/2024\/09\/Gr965.png);\"><\/div>\n                                                      <\/div>\n                <div class=\"our-courses-card__content\">\n                                    <h3 class=\"our-courses-card__title\">ICT-Smart-User SIZ<\/h3>\n                                                        <div class=\"our-courses-card__text\"><ul>\n<li>Professionell mit PCs, Tablets &amp; Co. umgehen<\/li>\n<li>IT-Basics, MS-Office, Internettechnologien &amp; mehr<\/li>\n<\/ul>\n<\/div>\n                                  <\/div>\n              <\/a>\n            <\/div>\n                  <\/div>\n                <\/div>\n  <\/div>\n  <style>.our-courses-block_f962748b8bf44283ed2416c29251b510 {background-repeat: no-repeat;padding-top: 32px;padding-bottom: 45px;margin-top: 0px;margin-bottom: 0px;}@media only screen and (max-width: 992px){ .our-courses-block_f962748b8bf44283ed2416c29251b510{ background-repeat: no-repeat;padding-top: 16px;padding-bottom: 40px;margin-top: 0px;margin-bottom: 0px; } }<\/style>\n<\/section>\n\n\n<section  class=\"our-partners our-partners-block_12976f6a38c28f6d862c07311c3dc141\" >\n  <div class=\"container\">\n    <div class=\"our-partners__wrap\">\n      <h2 class=\"our-partners__title\">Unsere Partner \/ Firmenkunden<\/h2>\n              <div class=\"row row-equal-height our-partners-slider\">\n                      <div class=\"col-lg-3\">\n              <div class=\"our-partners-card\">\n                <div class=\"our-partners-card__img\">\n                                      <img decoding=\"async\" src=\"https:\/\/www.sws-weiterbildung.ch\/wp-content\/uploads\/2024\/06\/partners1.png\" alt=\"\" \/>\n                                  <\/div>\n              <\/div>\n            <\/div>\n                      <div class=\"col-lg-3\">\n              <div class=\"our-partners-card\">\n                <div class=\"our-partners-card__img\">\n                                      <img decoding=\"async\" src=\"https:\/\/www.sws-weiterbildung.ch\/wp-content\/uploads\/2024\/06\/partners2.png\" alt=\"\" \/>\n                                  <\/div>\n              <\/div>\n            <\/div>\n                      <div class=\"col-lg-3\">\n              <div class=\"our-partners-card\">\n                <div class=\"our-partners-card__img\">\n                                      <img decoding=\"async\" src=\"https:\/\/www.sws-weiterbildung.ch\/wp-content\/uploads\/2024\/06\/partners3.png\" alt=\"\" \/>\n                                  <\/div>\n              <\/div>\n            <\/div>\n                      <div class=\"col-lg-3\">\n              <div class=\"our-partners-card\">\n                <div class=\"our-partners-card__img\">\n                                      <img decoding=\"async\" src=\"https:\/\/www.sws-weiterbildung.ch\/wp-content\/uploads\/2024\/06\/partners4.png\" alt=\"\" \/>\n                                  <\/div>\n              <\/div>\n            <\/div>\n                  <\/div>\n          <\/div>\n  <\/div>\n  <style>.our-partners-block_12976f6a38c28f6d862c07311c3dc141 {background-repeat: no-repeat;padding-top: 75px;padding-bottom: 32px;margin-top: 0px;margin-bottom: 0px;}@media only screen and (max-width: 992px){ .our-partners-block_12976f6a38c28f6d862c07311c3dc141{ background-repeat: no-repeat;padding-top: 48px;padding-bottom: 20px;margin-top: 0px;margin-bottom: 0px; } }<\/style>\n<\/section>\n\n\n<section id=contact-form class=\"contact-form contact-form-block_21536896f7a85300ab521505109533cf\" >\n  <div class=\"container\">\n    <div class=\"contact-form__wrap\">\n      <div class=\"row align-items-center\">\n                  <div class=\"col-lg-4 align-self-end order-2 order-lg-1\">\n            <img decoding=\"async\" class=\"contact-form__img\" src=\"https:\/\/www.sws-weiterbildung.ch\/wp-content\/uploads\/2024\/08\/Neugierig.png\" alt=\"Neugierig?\" \/>\n          <\/div>\n                <div class=\"col-lg-8 order-1 order-lg-2\">\n          \n<div class=\"wpcf7 no-js\" id=\"wpcf7-f119-o1\" lang=\"de-CH\" dir=\"ltr\" data-wpcf7-id=\"119\">\n<div class=\"screen-reader-response\"><p role=\"status\" aria-live=\"polite\" aria-atomic=\"true\"><\/p> <ul><\/ul><\/div>\n<form action=\"\/de\/wp-json\/wp\/v2\/pages\/943#wpcf7-f119-o1\" method=\"post\" class=\"wpcf7-form init\" aria-label=\"Contact form\" novalidate=\"novalidate\" data-status=\"init\">\n<fieldset class=\"hidden-fields-container\"><input type=\"hidden\" name=\"_wpcf7\" value=\"119\" \/><input type=\"hidden\" name=\"_wpcf7_version\" value=\"6.1.4\" \/><input type=\"hidden\" name=\"_wpcf7_locale\" value=\"de_CH_informal\" \/><input type=\"hidden\" name=\"_wpcf7_unit_tag\" value=\"wpcf7-f119-o1\" \/><input type=\"hidden\" name=\"_wpcf7_container_post\" value=\"0\" \/><input type=\"hidden\" name=\"_wpcf7_posted_data_hash\" value=\"\" \/><input type=\"hidden\" name=\"_wpcf7_recaptcha_response\" value=\"\" \/>\n<\/fieldset>\n<p><script>\ndocument.addEventListener( 'wpcf7mailsent', function( event ) {\n setTimeout( () => {\n location = 'https:\/\/www.sws-weiterbildung.ch\/de\/kurse\/kursanmeldung\/kursmaterialbestellung\/danke.html';\n }, 1000 ); \/\/ Wait for 1 second to redirect.\n}, false );\n<\/script>\n<\/p>\n<h2>Neugierig?\n<\/h2>\n<p>An Werktagen wird Ihre Anfrage innerhalb von wenigen Stunden bearbeitet.\n<\/p>\n<div class=\"row\">\n\t<div class=\"col-lg-6\">\n\t\t<p><label>Was ist Ihr Anliegen?<br \/>\n<span class=\"wpcf7-form-control-wrap\" data-name=\"your-anliegen\"><select class=\"wpcf7-form-control wpcf7-select wpcf7-validates-as-required\" aria-required=\"true\" aria-invalid=\"false\" name=\"your-anliegen\"><option value=\"Gratis Kursunterlagen bestellen\">Gratis Kursunterlagen bestellen<\/option><option value=\"Gratis Beratungsgespr\u00e4ch vereinbaren\">Gratis Beratungsgespr\u00e4ch vereinbaren<\/option><\/select><\/span><br \/>\n<\/label>\n\t\t<\/p>\n\t<\/div>\n\t<div class=\"col-lg-6\">\n\t\t<p><label> Vorname und Name:*<br \/>\n<span class=\"wpcf7-form-control-wrap\" data-name=\"your-name\"><input size=\"40\" maxlength=\"400\" class=\"wpcf7-form-control wpcf7-text wpcf7-validates-as-required\" autocomplete=\"name\" aria-required=\"true\" aria-invalid=\"false\" value=\"\" type=\"text\" name=\"your-name\" \/><\/span> <\/label>\n\t\t<\/p>\n\t<\/div>\n\t<div class=\"col-lg-6\">\n\t\t<p><label>Telefon:*<br \/>\n<span class=\"wpcf7-form-control-wrap\" data-name=\"your-tel\"><input size=\"40\" maxlength=\"400\" class=\"wpcf7-form-control wpcf7-tel wpcf7-validates-as-required wpcf7-text wpcf7-validates-as-tel\" aria-required=\"true\" aria-invalid=\"false\" value=\"\" type=\"tel\" name=\"your-tel\" \/><\/span><span>Zur \u00dcberpr\u00fcfung der Echtheit der Anfrage<\/span><br \/>\n<\/label>\n\t\t<\/p>\n\t<\/div>\n\t<div class=\"col-lg-6\">\n\t\t<p><label> E-Mail*<br \/>\n<span class=\"wpcf7-form-control-wrap\" data-name=\"your-email\"><input size=\"40\" maxlength=\"400\" class=\"wpcf7-form-control wpcf7-email wpcf7-validates-as-required wpcf7-text wpcf7-validates-as-email\" autocomplete=\"email\" aria-required=\"true\" aria-invalid=\"false\" value=\"\" type=\"email\" name=\"your-email\" \/><\/span><span>Unterlagen senden wir Ihnen per E-Mail<\/span><br \/>\n<\/label>\n\t\t<\/p>\n\t<\/div>\n<\/div>\n<p><input class=\"wpcf7-form-control wpcf7-submit has-spinner\" type=\"submit\" value=\"Absenden\" \/>\n<\/p><div class=\"wpcf7-response-output\" aria-hidden=\"true\"><\/div>\n<\/form>\n<\/div>\n        <\/div>\n      <\/div>\n    <\/div>\n  <\/div>\n  <style>.contact-form-block_21536896f7a85300ab521505109533cf {background-repeat: no-repeat;padding-top: 32px;padding-bottom: 140px;margin-top: 0px;margin-bottom: 0px;}@media only screen and (max-width: 992px){ .contact-form-block_21536896f7a85300ab521505109533cf{ background-repeat: no-repeat;padding-top: 20px;padding-bottom: 96px;margin-top: 0px;margin-bottom: 0px; } }<\/style>\n<\/section>","protected":false},"excerpt":{"rendered":"","protected":false},"author":1,"featured_media":0,"parent":642,"menu_order":0,"comment_status":"closed","ping_status":"closed","template":"","meta":{"_acf_changed":false,"inline_featured_image":false,"footnotes":""},"class_list":["post-943","page","type-page","status-publish","hentry"],"acf":[],"yoast_head":"<!-- This site is optimized with the Yoast SEO plugin v25.2 - https:\/\/yoast.com\/wordpress\/plugins\/seo\/ -->\n<title>SIZ - SWS Schulen f\u00fcr Wirtschaft &amp; Sprachen<\/title>\n<meta name=\"robots\" content=\"index, follow, max-snippet:-1, max-image-preview:large, max-video-preview:-1\" \/>\n<link rel=\"canonical\" href=\"https:\/\/www.sws-weiterbildung.ch\/de\/kaderschule\/siz.html\" \/>\n<meta property=\"og:locale\" content=\"de_DE\" \/>\n<meta property=\"og:type\" content=\"article\" \/>\n<meta property=\"og:title\" content=\"SIZ - SWS Schulen f\u00fcr Wirtschaft &amp; Sprachen\" \/>\n<meta property=\"og:url\" content=\"https:\/\/www.sws-weiterbildung.ch\/de\/kaderschule\/siz.html\" \/>\n<meta property=\"og:site_name\" content=\"SWS Schulen f\u00fcr Wirtschaft &amp; Sprachen\" \/>\n<meta property=\"article:modified_time\" content=\"2024-11-18T07:13:25+00:00\" \/>\n<meta name=\"twitter:card\" content=\"summary_large_image\" \/>\n<script type=\"application\/ld+json\" class=\"yoast-schema-graph\">{\"@context\":\"https:\/\/schema.org\",\"@graph\":[{\"@type\":\"WebPage\",\"@id\":\"https:\/\/www.sws-weiterbildung.ch\/de\/kaderschule\/siz.html\",\"url\":\"https:\/\/www.sws-weiterbildung.ch\/de\/kaderschule\/siz.html\",\"name\":\"SIZ - SWS Schulen f\u00fcr Wirtschaft &amp; Sprachen\",\"isPartOf\":{\"@id\":\"https:\/\/www.sws-weiterbildung.ch\/de\/#website\"},\"datePublished\":\"2024-09-05T12:38:34+00:00\",\"dateModified\":\"2024-11-18T07:13:25+00:00\",\"breadcrumb\":{\"@id\":\"https:\/\/www.sws-weiterbildung.ch\/de\/kaderschule\/siz.html#breadcrumb\"},\"inLanguage\":\"de-CH\",\"potentialAction\":[{\"@type\":\"ReadAction\",\"target\":[\"https:\/\/www.sws-weiterbildung.ch\/de\/kaderschule\/siz.html\"]}]},{\"@type\":\"BreadcrumbList\",\"@id\":\"https:\/\/www.sws-weiterbildung.ch\/de\/kaderschule\/siz.html#breadcrumb\",\"itemListElement\":[{\"@type\":\"ListItem\",\"position\":1,\"name\":\"Startseite\",\"item\":\"https:\/\/www.sws-weiterbildung.ch\/\"},{\"@type\":\"ListItem\",\"position\":2,\"name\":\"Kaderschule\",\"item\":\"https:\/\/www.sws-weiterbildung.ch\/de\/kaderschule.html\"},{\"@type\":\"ListItem\",\"position\":3,\"name\":\"SIZ\"}]},{\"@type\":\"WebSite\",\"@id\":\"https:\/\/www.sws-weiterbildung.ch\/de\/#website\",\"url\":\"https:\/\/www.sws-weiterbildung.ch\/de\/\",\"name\":\"SWS Schulen f\u00fcr Wirtschaft &amp; Sprachen\",\"description\":\"\",\"potentialAction\":[{\"@type\":\"SearchAction\",\"target\":{\"@type\":\"EntryPoint\",\"urlTemplate\":\"https:\/\/www.sws-weiterbildung.ch\/de\/?s={search_term_string}\"},\"query-input\":{\"@type\":\"PropertyValueSpecification\",\"valueRequired\":true,\"valueName\":\"search_term_string\"}}],\"inLanguage\":\"de-CH\"}]}<\/script>\n<!-- \/ Yoast SEO plugin. -->","yoast_head_json":{"title":"SIZ - SWS Schulen f\u00fcr Wirtschaft &amp; Sprachen","robots":{"index":"index","follow":"follow","max-snippet":"max-snippet:-1","max-image-preview":"max-image-preview:large","max-video-preview":"max-video-preview:-1"},"canonical":"https:\/\/www.sws-weiterbildung.ch\/de\/kaderschule\/siz.html","og_locale":"de_DE","og_type":"article","og_title":"SIZ - SWS Schulen f\u00fcr Wirtschaft &amp; Sprachen","og_url":"https:\/\/www.sws-weiterbildung.ch\/de\/kaderschule\/siz.html","og_site_name":"SWS Schulen f\u00fcr Wirtschaft &amp; Sprachen","article_modified_time":"2024-11-18T07:13:25+00:00","twitter_card":"summary_large_image","schema":{"@context":"https:\/\/schema.org","@graph":[{"@type":"WebPage","@id":"https:\/\/www.sws-weiterbildung.ch\/de\/kaderschule\/siz.html","url":"https:\/\/www.sws-weiterbildung.ch\/de\/kaderschule\/siz.html","name":"SIZ - SWS Schulen f\u00fcr Wirtschaft &amp; Sprachen","isPartOf":{"@id":"https:\/\/www.sws-weiterbildung.ch\/de\/#website"},"datePublished":"2024-09-05T12:38:34+00:00","dateModified":"2024-11-18T07:13:25+00:00","breadcrumb":{"@id":"https:\/\/www.sws-weiterbildung.ch\/de\/kaderschule\/siz.html#breadcrumb"},"inLanguage":"de-CH","potentialAction":[{"@type":"ReadAction","target":["https:\/\/www.sws-weiterbildung.ch\/de\/kaderschule\/siz.html"]}]},{"@type":"BreadcrumbList","@id":"https:\/\/www.sws-weiterbildung.ch\/de\/kaderschule\/siz.html#breadcrumb","itemListElement":[{"@type":"ListItem","position":1,"name":"Startseite","item":"https:\/\/www.sws-weiterbildung.ch\/"},{"@type":"ListItem","position":2,"name":"Kaderschule","item":"https:\/\/www.sws-weiterbildung.ch\/de\/kaderschule.html"},{"@type":"ListItem","position":3,"name":"SIZ"}]},{"@type":"WebSite","@id":"https:\/\/www.sws-weiterbildung.ch\/de\/#website","url":"https:\/\/www.sws-weiterbildung.ch\/de\/","name":"SWS Schulen f\u00fcr Wirtschaft &amp; Sprachen","description":"","potentialAction":[{"@type":"SearchAction","target":{"@type":"EntryPoint","urlTemplate":"https:\/\/www.sws-weiterbildung.ch\/de\/?s={search_term_string}"},"query-input":{"@type":"PropertyValueSpecification","valueRequired":true,"valueName":"search_term_string"}}],"inLanguage":"de-CH"}]}},"_links":{"self":[{"href":"https:\/\/www.sws-weiterbildung.ch\/de\/wp-json\/wp\/v2\/pages\/943","targetHints":{"allow":["GET"]}}],"collection":[{"href":"https:\/\/www.sws-weiterbildung.ch\/de\/wp-json\/wp\/v2\/pages"}],"about":[{"href":"https:\/\/www.sws-weiterbildung.ch\/de\/wp-json\/wp\/v2\/types\/page"}],"author":[{"embeddable":true,"href":"https:\/\/www.sws-weiterbildung.ch\/de\/wp-json\/wp\/v2\/users\/1"}],"replies":[{"embeddable":true,"href":"https:\/\/www.sws-weiterbildung.ch\/de\/wp-json\/wp\/v2\/comments?post=943"}],"version-history":[{"count":15,"href":"https:\/\/www.sws-weiterbildung.ch\/de\/wp-json\/wp\/v2\/pages\/943\/revisions"}],"predecessor-version":[{"id":2741,"href":"https:\/\/www.sws-weiterbildung.ch\/de\/wp-json\/wp\/v2\/pages\/943\/revisions\/2741"}],"up":[{"embeddable":true,"href":"https:\/\/www.sws-weiterbildung.ch\/de\/wp-json\/wp\/v2\/pages\/642"}],"wp:attachment":[{"href":"https:\/\/www.sws-weiterbildung.ch\/de\/wp-json\/wp\/v2\/media?parent=943"}],"curies":[{"name":"wp","href":"https:\/\/api.w.org\/{rel}","templated":true}]}}